{"id":2,"date":"2023-03-18T20:16:41","date_gmt":"2023-03-18T20:16:41","guid":{"rendered":"https:\/\/nzacademi.online\/?page_id=2"},"modified":"2025-05-10T16:13:08","modified_gmt":"2025-05-10T16:13:08","slug":"inicio","status":"publish","type":"page","link":"https:\/\/nzacademi.online\/","title":{"rendered":"Inicio"},"content":{"rendered":"<p>[et_pb_section fb_built=&#8221;1&#8243; fullwidth=&#8221;on&#8221; _builder_version=&#8221;4.7.7&#8243; _module_preset=&#8221;default&#8221; background_enable_color=&#8221;off&#8221; background_image=&#8221;https:\/\/storage.googleapis.com\/glide-prod.appspot.com\/uploads-v2\/4sc6mOPdvpuWqw1nSPEf\/pub\/tx8L79QfXdHZsyKG81ws.gif&#8221; background_video_mp4=&#8221;https:\/\/nzacademi.online\/wp-content\/uploads\/2023\/03\/IMG_1507.mp4&#8243; min_height=&#8221;909.8px&#8221; custom_margin=&#8221;-14px||-268px|||&#8221; custom_padding=&#8221;0px|||||&#8221; background_last_edited=&#8221;on|phone&#8221; background_image_phone=&#8221;https:\/\/storage.googleapis.com\/glide-prod.appspot.com\/uploads-v2\/4sc6mOPdvpuWqw1nSPEf\/pub\/tx8L79QfXdHZsyKG81ws.gif&#8221; background_enable_image_phone=&#8221;on&#8221; background_enable_video_mp4_phone=&#8221;off&#8221; background_enable_video_webm_phone=&#8221;off&#8221; allow_player_pause_phone=&#8221;off&#8221; background_video_pause_outside_viewport_phone=&#8221;off&#8221; title_text_phone=&#8221;IMG_1507&#8243;][et_pb_fullwidth_header title=&#8221;BIENVENIDOS A NZ ACADEMY&#8221; logo_image_url=&#8221;https:\/\/nzacademi.online\/wp-content\/uploads\/2024\/02\/LOGO-SIN-FONDO-NZ-300&#215;300.png&#8221; _builder_version=&#8221;4.7.7&#8243; _module_preset=&#8221;default&#8221; title_level=&#8221;h2&#8243; title_font=&#8221;Alegreya Sans SC||||||||&#8221; title_text_align=&#8221;center&#8221; title_text_color=&#8221;#1fd7e0&#8243; title_font_size=&#8221;47px&#8221; content_text_align=&#8221;center&#8221; content_text_color=&#8221;#f4f4f4&#8243; background_color=&#8221;rgba(10,10,10,0.48)&#8221; custom_margin=&#8221;-15px|||||&#8221; custom_padding=&#8221;123px||103px|||&#8221; custom_padding_tablet=&#8221;&#8221; custom_padding_phone=&#8221;123px|50px||50px|false|false&#8221; custom_padding_last_edited=&#8221;on|phone&#8221; animation_style=&#8221;fade&#8221; title_font_size_tablet=&#8221;&#8221; title_font_size_phone=&#8221;17px&#8221; title_font_size_last_edited=&#8221;on|desktop&#8221; title_text_shadow_style=&#8221;preset5&#8243; content_text_shadow_style=&#8221;preset5&#8243; content_text_shadow_horizontal_length=&#8221;0.09em&#8221; content_text_shadow_color=&#8221;#0a0a0a&#8221; subhead_text_shadow_style=&#8221;preset2&#8243; subhead_text_shadow_color=&#8221;#0a0a0a&#8221; border_radii_image=&#8221;on|500px|500px|500px|500px&#8221; border_color_all_image=&#8221;#0a0a0a&#8221; box_shadow_style_image=&#8221;preset1&#8243; box_shadow_color_image=&#8221;#0a0a0a&#8221; inline_fonts=&#8221;Alegreya Sans SC,Changa&#8221;]<\/strong><\/em><\/span><\/h3>\n<p style=\"text-align: center;\"><span style=\"font-size: large;\"><em><strong>\u00a0NZ Academy es una oportunidad de negocio, donde mientras te capacitas en todos los aspectos del marketing digital y trading, tienes la oportunidad de generar ingresos<\/strong><\/em><\/span><\/p>\n<p>[\/et_pb_fullwidth_header][\/et_pb_section][et_pb_section fb_built=&#8221;1&#8243; _builder_version=&#8221;4.7.7&#8243; _module_preset=&#8221;default&#8221; background_color=&#8221;#000000&#8243;][et_pb_row _builder_version=&#8221;4.7.7&#8243; _module_preset=&#8221;default&#8221; custom_margin=&#8221;-49px|auto||auto||&#8221;][et_pb_column type=&#8221;4_4&#8243; _builder_version=&#8221;4.7.7&#8243; _module_preset=&#8221;default&#8221;][et_pb_text _builder_version=&#8221;4.7.7&#8243; _module_preset=&#8221;default&#8221; text_font_size=&#8221;1px&#8221; custom_padding=&#8221;0px||0px|0px||&#8221; animation_style=&#8221;bounce&#8221; inline_fonts=&#8221;Acme&#8221;]<\/p>\n<h1 style=\"text-align: center;\"><span style=\"font-size: xx-large; color: #ffffff;\"><strong><span style=\"text-decoration: underline;\"><span style=\"font-family: Acme;\">PRESENTACION DE NZ ACADEMY<\/span><\/span><\/strong><\/span><\/h1>\n<p>[\/et_pb_text][\/et_pb_column][\/et_pb_row][et_pb_row _builder_version=&#8221;4.7.7&#8243; _module_preset=&#8221;default&#8221;][et_pb_column type=&#8221;4_4&#8243; _builder_version=&#8221;4.7.7&#8243; _module_preset=&#8221;default&#8221;][et_pb_video src=&#8221;https:\/\/nzacademi.online\/wp-content\/uploads\/2024\/01\/IMG_5301.mov&#8221; thumbnail_overlay_color=&#8221;rgba(0,0,0,0.6)&#8221; _builder_version=&#8221;4.7.7&#8243; _module_preset=&#8221;default&#8221; animation_style=&#8221;bounce&#8221; box_shadow_style=&#8221;preset1&#8243; box_shadow_color=&#8221;#f4f4f4&#8243;][\/et_pb_video][\/et_pb_column][\/et_pb_row][\/et_pb_section][et_pb_section fb_built=&#8221;1&#8243; fullwidth=&#8221;on&#8221; _builder_version=&#8221;4.7.7&#8243; _module_preset=&#8221;default&#8221;][et_pb_fullwidth_image src=&#8221;https:\/\/nzacademi.online\/wp-content\/uploads\/2024\/02\/ZZZZZZZZ.jpg&#8221; title_text=&#8221;ZZZZZZZZ&#8221; _builder_version=&#8221;4.7.7&#8243; _module_preset=&#8221;default&#8221;][\/et_pb_fullwidth_image][\/et_pb_section][et_pb_section fb_built=&#8221;1&#8243; fullwidth=&#8221;on&#8221; _builder_version=&#8221;4.7.7&#8243; _module_preset=&#8221;default&#8221; box_shadow_style=&#8221;preset3&#8243; box_shadow_color=&#8221;#f4f4f4&#8243;][et_pb_fullwidth_image src=&#8221;https:\/\/nzacademi.online\/wp-content\/uploads\/2024\/02\/6464-1.jpg&#8221; title_text=&#8221;6464&#8243; _builder_version=&#8221;4.7.7&#8243; _module_preset=&#8221;default&#8221;][\/et_pb_fullwidth_image][\/et_pb_section][et_pb_section fb_built=&#8221;1&#8243; _builder_version=&#8221;4.7.7&#8243; _module_preset=&#8221;default&#8221; background_color=&#8221;#0a0a0a&#8221; custom_padding=&#8221;||2px|||&#8221;][et_pb_row _builder_version=&#8221;4.7.7&#8243; _module_preset=&#8221;default&#8221; width=&#8221;100%&#8221; custom_margin_tablet=&#8221;&#8221; custom_margin_phone=&#8221;-16px|auto||auto|false|false&#8221; custom_margin_last_edited=&#8221;on|phone&#8221; custom_padding=&#8221;3px||5px||false|false&#8221;][et_pb_column type=&#8221;4_4&#8243; _builder_version=&#8221;4.7.7&#8243; _module_preset=&#8221;default&#8221;][et_pb_image src=&#8221;https:\/\/nzacademi.online\/wp-content\/uploads\/2024\/02\/4554-1.png&#8221; title_text=&#8221;4554&#8243; _builder_version=&#8221;4.7.7&#8243; _module_preset=&#8221;default&#8221; custom_padding=&#8221;|0px||||&#8221; animation_style=&#8221;bounce&#8221;][\/et_pb_image][\/et_pb_column][\/et_pb_row][\/et_pb_section][et_pb_section fb_built=&#8221;1&#8243; _builder_version=&#8221;4.7.7&#8243; _module_preset=&#8221;default&#8221; background_enable_color=&#8221;off&#8221; background_image=&#8221;https:\/\/www.osmelhoresinvestimentos.com.br\/wp-content\/uploads\/2021\/11\/COMO-FACO-PARA-COMPRAR-ACOES-DA-G2D-INVESTMENTS-G2DI33-Acoes-da-G2D-Investments-Os-Melhores-Investimentos.jpg&#8221; custom_padding=&#8221;6px||8px|||&#8221;][et_pb_row _builder_version=&#8221;4.7.7&#8243; _module_preset=&#8221;default&#8221; width=&#8221;100%&#8221; custom_margin=&#8221;-4px|auto||auto||&#8221; custom_padding=&#8221;4px||0px|||&#8221;][et_pb_column type=&#8221;4_4&#8243; _builder_version=&#8221;4.7.7&#8243; _module_preset=&#8221;default&#8221;][et_pb_image src=&#8221;https:\/\/nzacademi.online\/wp-content\/uploads\/2024\/02\/5555555.png&#8221; title_text=&#8221;5555555&#8243; _builder_version=&#8221;4.7.7&#8243; _module_preset=&#8221;default&#8221; custom_padding=&#8221;0px|0px||0px||&#8221; animation_style=&#8221;fade&#8221; animation_duration=&#8221;1600ms&#8221;][\/et_pb_image][\/et_pb_column][\/et_pb_row][\/et_pb_section][et_pb_section fb_built=&#8221;1&#8243; _builder_version=&#8221;4.7.7&#8243; _module_preset=&#8221;default&#8221; background_color=&#8221;#000000&#8243; custom_padding=&#8221;12px|||||&#8221;][et_pb_row _builder_version=&#8221;4.7.7&#8243; _module_preset=&#8221;default&#8221; custom_padding=&#8221;11px|||||&#8221;][et_pb_column type=&#8221;4_4&#8243; _builder_version=&#8221;4.7.7&#8243; _module_preset=&#8221;default&#8221;][et_pb_text _builder_version=&#8221;4.7.7&#8243; _module_preset=&#8221;default&#8221; custom_padding=&#8221;10px||2px|||&#8221; animation_style=&#8221;bounce&#8221;]<\/p>\n<h1 class=\"text__TextBase-cfnh6b-0 text___StyledTextBase-cfnh6b-1 bxAjVf qWWc wire-text___StyledText-sc-17qgb83-0 eWrCRk align-center headlineSmall\" style=\"text-align: center;\"><strong><span style=\"color: #ffffff;\">Nuestras <span>membres\u00eda<\/span>s<\/span><\/strong><\/h1>\n<p>[\/et_pb_text][\/et_pb_column][\/et_pb_row][et_pb_row column_structure=&#8221;1_3,1_3,1_3&#8243; _builder_version=&#8221;4.7.7&#8243; _module_preset=&#8221;default&#8221; custom_margin=&#8221;-18px|auto||auto||&#8221;][et_pb_column type=&#8221;1_3&#8243; _builder_version=&#8221;4.7.7&#8243; _module_preset=&#8221;default&#8221;][et_pb_image src=&#8221;https:\/\/nzacademi.online\/wp-content\/uploads\/2025\/05\/4970109144338115886.jpg&#8221; title_text=&#8221;4970109144338115886&#8243; _builder_version=&#8221;4.7.7&#8243; _module_preset=&#8221;default&#8221; animation_style=&#8221;slide&#8221; hover_enabled=&#8221;0&#8243; border_radii=&#8221;on|50px|50px|50px|50px&#8221; box_shadow_style=&#8221;preset1&#8243; box_shadow_color=&#8221;#0c71c3&#8243; sticky_enabled=&#8221;0&#8243;][\/et_pb_image][\/et_pb_column][et_pb_column type=&#8221;1_3&#8243; _builder_version=&#8221;4.7.7&#8243; _module_preset=&#8221;default&#8221;][et_pb_image src=&#8221;https:\/\/nzacademi.online\/wp-content\/uploads\/2025\/05\/4965633470588104167.jpg&#8221; title_text=&#8221;4965633470588104167&#8243; _builder_version=&#8221;4.7.7&#8243; _module_preset=&#8221;default&#8221; animation_style=&#8221;slide&#8221; border_radii=&#8221;on|50px|50px|50px|50px&#8221; box_shadow_style=&#8221;preset1&#8243; box_shadow_color=&#8221;#0c71c3&#8243;][\/et_pb_image][\/et_pb_column][et_pb_column type=&#8221;1_3&#8243; _builder_version=&#8221;4.7.7&#8243; _module_preset=&#8221;default&#8221;][\/et_pb_column][\/et_pb_row][et_pb_row _builder_version=&#8221;4.7.7&#8243; _module_preset=&#8221;default&#8221;][et_pb_column type=&#8221;4_4&#8243; _builder_version=&#8221;4.7.7&#8243; _module_preset=&#8221;default&#8221;][et_pb_text _builder_version=&#8221;4.7.7&#8243; _module_preset=&#8221;default&#8221; animation_style=&#8221;fade&#8221;]<\/p>\n<h2 style=\"text-align: center;\"><span style=\"color: #ffffff;\"><strong>\ud83d\udc47Temario\ud83d\udc47<\/strong><\/span><\/h2>\n<p>[\/et_pb_text][\/et_pb_column][\/et_pb_row][et_pb_row _builder_version=&#8221;4.7.7&#8243; _module_preset=&#8221;default&#8221; custom_padding=&#8221;|40px||40px|false|false&#8221;][et_pb_column type=&#8221;4_4&#8243; _builder_version=&#8221;4.7.7&#8243; _module_preset=&#8221;default&#8221;][et_pb_toggle title=&#8221;Premium&#8221; open_toggle_text_color=&#8221;#f4f4f4&#8243; open_toggle_background_color=&#8221;#0a0a0a&#8221; closed_toggle_text_color=&#8221;#f4f4f4&#8243; closed_toggle_background_color=&#8221;#0a0a0a&#8221; icon_color=&#8221;#0c71c3&#8243; use_icon_font_size=&#8221;on&#8221; _builder_version=&#8221;4.7.7&#8243; _module_preset=&#8221;default&#8221; title_text_color=&#8221;#f4f4f4&#8243; background_enable_color=&#8221;off&#8221; background_enable_image=&#8221;off&#8221; text_orientation=&#8221;center&#8221; custom_margin=&#8221;|25px||25px|false|false&#8221; custom_padding=&#8221;||||false|false&#8221; border_radii=&#8221;on|25px|25px|25px|25px&#8221; border_width_all=&#8221;5px&#8221; border_color_all=&#8221;#0c71c3&#8243;]<\/p>\n<p style=\"text-align: left;\"><span style=\"color: #ffffff;\"><strong><img loading=\"lazy\" decoding=\"async\" src=\"https:\/\/nzacademi.online\/wp-content\/uploads\/2024\/04\/photo_4990083607007702110_y-780x1024.jpeg\" width=\"780\" height=\"1024\" alt=\"\" class=\"wp-image-3064 aligncenter size-large\" srcset=\"https:\/\/nzacademi.online\/wp-content\/uploads\/2024\/04\/photo_4990083607007702110_y-780x1024.jpeg 780w, https:\/\/nzacademi.online\/wp-content\/uploads\/2024\/04\/photo_4990083607007702110_y-480x630.jpeg 480w\" sizes=\"auto, (min-width: 0px) and (max-width: 480px) 480px, (min-width: 481px) 780px, 100vw\" \/><br \/> <\/strong><\/span><\/p>\n<p>[\/et_pb_toggle][et_pb_toggle title=&#8221;\u00c9lite&#8221; open_toggle_text_color=&#8221;#f4f4f4&#8243; open_toggle_background_color=&#8221;#0a0a0a&#8221; closed_toggle_text_color=&#8221;#f4f4f4&#8243; closed_toggle_background_color=&#8221;#0a0a0a&#8221; icon_color=&#8221;#0c71c3&#8243; use_icon_font_size=&#8221;on&#8221; _builder_version=&#8221;4.7.7&#8243; _module_preset=&#8221;default&#8221; title_text_color=&#8221;#f4f4f4&#8243; background_enable_color=&#8221;off&#8221; background_enable_image=&#8221;off&#8221; text_orientation=&#8221;center&#8221; custom_margin=&#8221;|25px||25px|false|false&#8221; custom_padding=&#8221;||||false|false&#8221; border_radii=&#8221;on|25px|25px|25px|25px&#8221; border_width_all=&#8221;5px&#8221; border_color_all=&#8221;#0c71c3&#8243; inline_fonts=&#8221;Acme&#8221;]<\/p>\n<p><span style=\"font-size: small; color: #ffffff; font-family: Acme; font-weight: normal;\"><strong><img loading=\"lazy\" decoding=\"async\" src=\"https:\/\/nzacademi.online\/wp-content\/uploads\/2024\/04\/photo_4990083607007702111_y-782x1024.jpg\" width=\"782\" height=\"1024\" alt=\"\" class=\"wp-image-3066 aligncenter size-large\" srcset=\"https:\/\/nzacademi.online\/wp-content\/uploads\/2024\/04\/photo_4990083607007702111_y-782x1024.jpg 782w, https:\/\/nzacademi.online\/wp-content\/uploads\/2024\/04\/photo_4990083607007702111_y-480x628.jpg 480w\" sizes=\"auto, (min-width: 0px) and (max-width: 480px) 480px, (min-width: 481px) 782px, 100vw\" \/><\/strong><\/span><\/p>\n<p><span style=\"color: #000000;\">\u00a0<\/span><\/p>\n<p>[\/et_pb_toggle][et_pb_toggle title=&#8221;Mentor\u00eda de Trading&#8221; open_toggle_text_color=&#8221;#f4f4f4&#8243; open_toggle_background_color=&#8221;#000000&#8243; closed_toggle_text_color=&#8221;#f4f4f4&#8243; closed_toggle_background_color=&#8221;#0a0a0a&#8221; icon_color=&#8221;#0c71c3&#8243; use_icon_font_size=&#8221;on&#8221; _builder_version=&#8221;4.7.7&#8243; _module_preset=&#8221;default&#8221; title_text_color=&#8221;#f4f4f4&#8243; background_enable_color=&#8221;off&#8221; background_enable_image=&#8221;off&#8221; text_orientation=&#8221;center&#8221; custom_margin=&#8221;|27px||27px|false|false&#8221; custom_margin_tablet=&#8221;&#8221; custom_margin_phone=&#8221;|25px||25px|false|false&#8221; custom_margin_last_edited=&#8221;on|phone&#8221; custom_padding=&#8221;||||false|false&#8221; border_radii=&#8221;on|25px|25px|25px|25px&#8221; border_width_all=&#8221;5px&#8221; border_color_all=&#8221;#0c71c3&#8243;]<\/p>\n<p style=\"text-align: left;\"><span style=\"color: #ffffff;\"><strong><img src=https:\/\/nzacademi.online\/wp-content\/uploads\/2024\/05\/El-modulo-ofrece-\ud83d\udcda-\u2022-Mas-de-15-Clases-1-a-1-Donde-se-explica-absolutamente-todos-los-temas.-2-Canales-educativos-donde-se-ensena-todo-absolutamente-desde-0.-Acceso-a-los-grupos-de-telegram-el-t-3.png\" width=\"780\" height=\"1024\" alt=\"\" class=\"wp-image-3064 aligncenter size-large\" \/><br \/>\n<\/strong><\/span>[\/et_pb_toggle][\/et_pb_column][\/et_pb_row][et_pb_row _builder_version=&#8221;4.7.7&#8243; _module_preset=&#8221;default&#8221;][et_pb_column type=&#8221;4_4&#8243; _builder_version=&#8221;4.7.7&#8243; _module_preset=&#8221;default&#8221;][et_pb_text _builder_version=&#8221;4.7.7&#8243; _module_preset=&#8221;default&#8221; background_color=&#8221;#0a0a0a&#8221; width=&#8221;100%&#8221; custom_margin=&#8221;||||false|false&#8221; custom_padding=&#8221;20px|20px|20px|20px|false|false&#8221; border_radii=&#8221;on|5px|5px|5px|5px&#8221; box_shadow_style=&#8221;preset1&#8243; box_shadow_color=&#8221;#f4f4f4&#8243;]<\/p>\n<h5 style=\"text-align: center;\"><span style=\"font-size: xx-small; color: #ffffff;\"><strong>\u00a1AVISO IMPORTANTE! NUESTRA EMPRESA CUENTA CON TRES MEMBRESIAS DE CAPACITACI\u00d3N LOS CUALES SON ABONADOS POR \u00daNICA VEZ. SI ALGUNA PERSONA LE VENDE DICHO INGRESO A UN VALOR DIFERENTE, ES ESTAFA Y NO PERTENECE A NUESTRO EQUIPO. CADA INGRESO Y PAGO ESTA VERIFICADO Y AUTORIZADO POR NUESTROS ADMINISTRADORES LOS CUALES VAN A ESTAR COMUNIC\u00c1NDOSE DIRECTAMENTE CON USTED UNA VEZ INGRESADO\/A AL GRUPO DE TELEGRAM. <\/strong><\/span><\/h5>\n<p>[\/et_pb_text][\/et_pb_column][\/et_pb_row][et_pb_row column_structure=&#8221;1_2,1_2&#8243; custom_padding_last_edited=&#8221;on|phone&#8221; _builder_version=&#8221;4.7.7&#8243; _module_preset=&#8221;default&#8221; custom_padding=&#8221;|100px||100px|false|false&#8221; custom_padding_tablet=&#8221;&#8221; custom_padding_phone=&#8221;|30px||30px|false|false&#8221; animation_style=&#8221;fade&#8221;][et_pb_column type=&#8221;1_2&#8243; _builder_version=&#8221;4.7.7&#8243; _module_preset=&#8221;default&#8221;][et_pb_team_member name=&#8221;Nicolas zalazar&#8221; position=&#8221;Fundador&#8221; image_url=&#8221;https:\/\/nzacademi.online\/wp-content\/uploads\/2023\/03\/photo_4956766789778385626_y.jpg&#8221; _builder_version=&#8221;4.7.7&#8243; _module_preset=&#8221;default&#8221; header_text_color=&#8221;#f4f4f4&#8243; body_text_color=&#8221;#f4f4f4&#8243; position_text_align=&#8221;left&#8221; text_orientation=&#8221;left&#8221; border_radii_image=&#8221;on|300px|300px|300px|300px&#8221; box_shadow_style_image=&#8221;preset1&#8243; box_shadow_color_image=&#8221;#f4f4f4&#8243;]<\/p>\n<p style=\"text-align: left;\">Lider de marketing de afiliados y experto en ventas online e inversionista.<\/p>\n<p style=\"text-align: left;\"><a href=\"https:\/\/instagram.com\/nicozalazar01?igshid=YmMyMTA2M2Y=\">INSTAGRAM<\/a><\/p>\n<p>[\/et_pb_team_member][\/et_pb_column][et_pb_column type=&#8221;1_2&#8243; _builder_version=&#8221;4.7.7&#8243; _module_preset=&#8221;default&#8221;][\/et_pb_column][\/et_pb_row][et_pb_row column_structure=&#8221;1_2,1_2&#8243; custom_padding_last_edited=&#8221;on|phone&#8221; _builder_version=&#8221;4.7.7&#8243; _module_preset=&#8221;default&#8221; background_color=&#8221;#0a0a0a&#8221; custom_padding=&#8221;|200px||200px|false|false&#8221; custom_padding_tablet=&#8221;&#8221; custom_padding_phone=&#8221;|50px||50px|false|false&#8221; animation_style=&#8221;fade&#8221; border_radii=&#8221;on|50px|50px|50px|50px&#8221;][et_pb_column type=&#8221;1_2&#8243; _builder_version=&#8221;4.7.7&#8243; _module_preset=&#8221;default&#8221;][et_pb_team_member name=&#8221;Dario Zangaro&#8221; position=&#8221;Educador&#8221; image_url=&#8221;https:\/\/nzacademi.online\/wp-content\/uploads\/2024\/02\/photo_5053427399596813397_x.jpg&#8221; _builder_version=&#8221;4.7.7&#8243; _module_preset=&#8221;default&#8221; header_text_color=&#8221;#f4f4f4&#8243; body_text_color=&#8221;#f4f4f4&#8243; position_text_align=&#8221;center&#8221; text_orientation=&#8221;center&#8221; border_radii_image=&#8221;on|300px|300px|300px|300px&#8221; box_shadow_style_image=&#8221;preset1&#8243; box_shadow_color_image=&#8221;#f4f4f4&#8243;]<\/p>\n<p style=\"text-align: center;\">Educador especialista en Trading de Forex y Criptomonedas<\/p>\n<p style=\"text-align: center;\"><a href=\"instagram.com\/dariozangaro\/\">INSTAGRAM<\/a><\/p>\n<p>[\/et_pb_team_member][\/et_pb_column][et_pb_column type=&#8221;1_2&#8243; _builder_version=&#8221;4.7.7&#8243; _module_preset=&#8221;default&#8221;][et_pb_team_member name=&#8221;Renzo Samana&#8221; position=&#8221;Educador&#8221; image_url=&#8221;https:\/\/nzacademi.online\/wp-content\/uploads\/2024\/02\/photo_5897663346872795471_x.jpg&#8221; _builder_version=&#8221;4.7.7&#8243; _module_preset=&#8221;default&#8221; header_text_align=&#8221;center&#8221; header_text_color=&#8221;#f4f4f4&#8243; body_text_align=&#8221;center&#8221; body_text_color=&#8221;#f4f4f4&#8243; position_text_align=&#8221;center&#8221; text_orientation=&#8221;center&#8221; border_radii_image=&#8221;on|300px|300px|300px|300px&#8221; box_shadow_style_image=&#8221;preset1&#8243; box_shadow_color_image=&#8221;#f4f4f4&#8243;]<\/p>\n<p style=\"text-align: center;\">Educador especialista en Trading de Forex y Criptomonedas<\/p>\n<p style=\"text-align: center;\"><a href=\"instagram.com\/renzo_samana\/\">INSTAGRAM<\/a><\/p>\n<p>[\/et_pb_team_member][\/et_pb_column][\/et_pb_row][\/et_pb_section][et_pb_section fb_built=&#8221;1&#8243; _builder_version=&#8221;4.7.7&#8243; _module_preset=&#8221;default&#8221; background_image=&#8221;https:\/\/nzacademi.online\/wp-content\/uploads\/2024\/01\/BITCOIN.jpg&#8221; custom_padding=&#8221;408px|||||&#8221; box_shadow_style=&#8221;preset3&#8243; box_shadow_spread=&#8221;8px&#8221; box_shadow_color=&#8221;#f4f4f4&#8243;][et_pb_row _builder_version=&#8221;4.7.7&#8243; _module_preset=&#8221;default&#8221;][et_pb_column type=&#8221;4_4&#8243; _builder_version=&#8221;4.7.7&#8243; _module_preset=&#8221;default&#8221;][\/et_pb_column][\/et_pb_row][\/et_pb_section][et_pb_section fb_built=&#8221;1&#8243; fullwidth=&#8221;on&#8221; _builder_version=&#8221;4.7.7&#8243; _module_preset=&#8221;default&#8221; background_enable_color=&#8221;off&#8221; use_background_color_gradient=&#8221;on&#8221; background_color_gradient_start=&#8221;#0fffff&#8221; background_color_gradient_end=&#8221;#060a01&#8243; custom_padding=&#8221;0px||0px|||&#8221; background_last_edited=&#8221;on|phone&#8221; locked=&#8221;off&#8221;][\/et_pb_section]<\/p>\n","protected":false},"excerpt":{"rendered":"<p>[et_pb_section fb_built=&#8221;1&#8243; fullwidth=&#8221;on&#8221; _builder_version=&#8221;4.7.7&#8243; _module_preset=&#8221;default&#8221; background_enable_color=&#8221;off&#8221; background_image=&#8221;https:\/\/storage.googleapis.com\/glide-prod.appspot.com\/uploads-v2\/4sc6mOPdvpuWqw1nSPEf\/pub\/tx8L79QfXdHZsyKG81ws.gif&#8221; background_video_mp4=&#8221;https:\/\/nzacademi.online\/wp-content\/uploads\/2023\/03\/IMG_1507.mp4&#8243; min_height=&#8221;909.8px&#8221; custom_margin=&#8221;-14px||-268px|||&#8221; custom_padding=&#8221;0px|||||&#8221; background_last_edited=&#8221;on|phone&#8221; background_image_phone=&#8221;https:\/\/storage.googleapis.com\/glide-prod.appspot.com\/uploads-v2\/4sc6mOPdvpuWqw1nSPEf\/pub\/tx8L79QfXdHZsyKG81ws.gif&#8221; background_enable_image_phone=&#8221;on&#8221; background_enable_video_mp4_phone=&#8221;off&#8221; background_enable_video_webm_phone=&#8221;off&#8221; allow_player_pause_phone=&#8221;off&#8221; background_video_pause_outside_viewport_phone=&#8221;off&#8221; title_text_phone=&#8221;IMG_1507&#8243;][et_pb_fullwidth_header title=&#8221;BIENVENIDOS [&hellip;]<\/p>\n","protected":false},"author":1,"featured_media":0,"parent":0,"menu_order":1,"comment_status":"closed","ping_status":"closed","template":"","meta":{"_et_pb_use_builder":"on","_et_pb_old_content":"<!-- wp:paragraph -->\n<p>Esta es una p\u00e1gina de ejemplo. Es diferente a una entrada del blog porque permanecer\u00e1 en un solo lugar y aparecer\u00e1 en la navegaci\u00f3n de tu sitio (en la mayor\u00eda de los temas). La mayor\u00eda de las personas comienzan con una p\u00e1gina \u00abAcerca de\u00bb que les presenta a los visitantes potenciales del sitio. Podr\u00edas decir algo as\u00ed:<\/p>\n<!-- \/wp:paragraph -->\n\n<!-- wp:quote -->\n<blockquote class=\"wp-block-quote\"><p>\u00a1Hola! Soy camarero de d\u00eda, aspirante a actor de noche y esta es mi web. Vivo en Mairena del Alcor, tengo un perro que se llama Firulais y me gusta el rebujito. (Y las tardes largas con caf\u00e9).<\/p><\/blockquote>\n<!-- \/wp:quote -->\n\n<!-- wp:paragraph -->\n<p>\u2026o algo as\u00ed:<\/p>\n<!-- \/wp:paragraph -->\n\n<!-- wp:quote -->\n<blockquote class=\"wp-block-quote\"><p>La empresa \u00abMariscos Recio\u00bb fue fundada por Antonio Recio Mata. Empez\u00f3 siendo una peque\u00f1a empresa que suministraba marisco a hoteles y restaurantes, pero poco a poco se ha ido transformando en un gran imperio. Mariscos Recio, el mar al mejor precio.<\/p><\/blockquote>\n<!-- \/wp:quote -->\n\n<!-- wp:paragraph -->\n<p>Como nuevo usuario de WordPress, deber\u00edas ir a <a href=\"https:\/\/nzacademi.online\/wp-admin\/\">tu escritorio<\/a> para borrar esta p\u00e1gina y crear nuevas p\u00e1ginas para tu contenido. \u00a1P\u00e1salo bien!<\/p>\n<!-- \/wp:paragraph -->","_et_gb_content_width":"","footnotes":""},"class_list":["post-2","page","type-page","status-publish","hentry"],"_links":{"self":[{"href":"https:\/\/nzacademi.online\/index.php\/wp-json\/wp\/v2\/pages\/2","targetHints":{"allow":["GET"]}}],"collection":[{"href":"https:\/\/nzacademi.online\/index.php\/wp-json\/wp\/v2\/pages"}],"about":[{"href":"https:\/\/nzacademi.online\/index.php\/wp-json\/wp\/v2\/types\/page"}],"author":[{"embeddable":true,"href":"https:\/\/nzacademi.online\/index.php\/wp-json\/wp\/v2\/users\/1"}],"replies":[{"embeddable":true,"href":"https:\/\/nzacademi.online\/index.php\/wp-json\/wp\/v2\/comments?post=2"}],"version-history":[{"count":86,"href":"https:\/\/nzacademi.online\/index.php\/wp-json\/wp\/v2\/pages\/2\/revisions"}],"predecessor-version":[{"id":3781,"href":"https:\/\/nzacademi.online\/index.php\/wp-json\/wp\/v2\/pages\/2\/revisions\/3781"}],"wp:attachment":[{"href":"https:\/\/nzacademi.online\/index.php\/wp-json\/wp\/v2\/media?parent=2"}],"curies":[{"name":"wp","href":"https:\/\/api.w.org\/{rel}","templated":true}]}}